{"id":19,"date":"2025-07-21T14:09:48","date_gmt":"2025-07-21T14:09:48","guid":{"rendered":"https:\/\/elearning.jahjagafoundation.org\/reset-password\/"},"modified":"2025-07-21T14:09:48","modified_gmt":"2025-07-21T14:09:48","slug":"reset-password","status":"publish","type":"page","link":"https:\/\/elearning.jahjagafoundation.org\/sq\/reset-password\/","title":{"rendered":"Reset Password"},"content":{"rendered":"<div class=\"event-wrapper-shortcode reset-password\"><form name=\"resetpassform\" action=\"https:\/\/elearning.jahjagafoundation.org\/wp-login.php?action=resetpass\" method=\"POST\" class=\"event-auth-form\">\r\n\t<input type=\"hidden\" name=\"user_login\" value=\"\" \/>\r\n\r\n\t<div class=\"user-pass1-wrap\">\r\n\t\t<p class=\"form-row required\">\r\n\t\t\t<label for=\"pass1\">Fjal\u00ebkalimi<\/label>\r\n\t\t<\/p>\r\n\r\n\t\t<div class=\"wp-pwd\">\r\n\t\t\t<span class=\"password-input-wrapper\">\r\n\t\t\t\t<input type=\"password\"  class=\"event_auth_input\" name=\"pass1\" \/>\r\n\t\t\t<\/span>\r\n\t\t<\/div>\r\n\t<\/div>\r\n\r\n\t<div class=\"user-pass2-wrap\">\r\n\t\t<p class=\"form-row required\">\r\n\t\t\t<label for=\"pass2\">Confirm Password<\/label>\r\n\t\t<\/p>\r\n\r\n\t\t<div class=\"wp-pwd\">\r\n\t\t\t<span class=\"password-input-wrapper\">\r\n\t\t\t\t<input type=\"password\" name=\"pass2\" class=\"event_auth_input\" \/>\r\n\t\t\t<\/span>\r\n\t\t<\/div>\r\n\t<\/div>\r\n\r\n\t<p class=\"description indicator-hint\">Ndihm\u00ebz: Fjal\u00ebkalimi juaj do t\u00eb duhej t\u00eb ishte t\u00eb pakt\u00ebn dymb\u00ebdhjet\u00eb shenja i gjat\u00eb. P\u00ebr ta b\u00ebr\u00eb m\u00eb t\u00eb fort\u00eb, p\u00ebrdorni shkronja t\u00eb m\u00ebdha dhe t\u00eb vogla bashk\u00eb, numra, si dhe simbole si ! \" ? $ % ^ &amp; ).<\/p>\r\n\r\n\t\t<input type=\"hidden\" name=\"key\" value=\"\" \/>\r\n\t<p class=\"submit form-row required\">\r\n\t\t<input type=\"submit\" name=\"submit\" class=\"button button-primary button-large\" value=\"Reset Password\" \/>\r\n\t<\/p>\r\n<\/form>\r\n\r\n<p id=\"nav\">\r\n\t\t\t<a href=\"https:\/\/elearning.jahjagafoundation.org\/wp-login.php\">Log in<\/a>\r\n\t\t | <a href=\"https:\/\/elearning.jahjagafoundation.org\/sq\/account\/?action=register\">Register<\/a><\/p>\r\n<\/div>","protected":false},"excerpt":{"rendered":"","protected":false},"author":1,"featured_media":0,"parent":0,"menu_order":0,"comment_status":"closed","ping_status":"closed","template":"","meta":{"footnotes":""},"class_list":["post-19","page","type-page","status-publish","hentry"],"_links":{"self":[{"href":"https:\/\/elearning.jahjagafoundation.org\/sq\/wp-json\/wp\/v2\/pages\/19","targetHints":{"allow":["GET"]}}],"collection":[{"href":"https:\/\/elearning.jahjagafoundation.org\/sq\/wp-json\/wp\/v2\/pages"}],"about":[{"href":"https:\/\/elearning.jahjagafoundation.org\/sq\/wp-json\/wp\/v2\/types\/page"}],"author":[{"embeddable":true,"href":"https:\/\/elearning.jahjagafoundation.org\/sq\/wp-json\/wp\/v2\/users\/1"}],"replies":[{"embeddable":true,"href":"https:\/\/elearning.jahjagafoundation.org\/sq\/wp-json\/wp\/v2\/comments?post=19"}],"version-history":[{"count":0,"href":"https:\/\/elearning.jahjagafoundation.org\/sq\/wp-json\/wp\/v2\/pages\/19\/revisions"}],"wp:attachment":[{"href":"https:\/\/elearning.jahjagafoundation.org\/sq\/wp-json\/wp\/v2\/media?parent=19"}],"curies":[{"name":"wp","href":"https:\/\/api.w.org\/{rel}","templated":true}]}}